{"id":3,"date":"2023-10-06T06:48:24","date_gmt":"2023-10-06T06:48:24","guid":{"rendered":"https:\/\/evelinefrey.ch\/?page_id=3"},"modified":"2023-12-13T08:38:20","modified_gmt":"2023-12-13T07:38:20","slug":"data","status":"publish","type":"page","link":"https:\/\/evelinefrey.ch\/de\/data\/","title":{"rendered":"Datenschutz"},"content":{"rendered":"<div data-elementor-type=\"wp-page\" data-elementor-id=\"3\" class=\"elementor elementor-3\">\n\t\t\t\t<div class=\"elementor-element elementor-element-dff53eb e-flex e-con-boxed e-con e-parent\" data-id=\"dff53eb\" data-element_type=\"container\">\n\t\t\t\t\t<div class=\"e-con-inner\">\n\t\t\t\t<div class=\"elementor-element elementor-element-747af0b elementor-widget__width-inherit elementor-widget elementor-widget-heading\" data-id=\"747af0b\" data-element_type=\"widget\" data-widget_type=\"heading.default\">\n\t\t\t\t<div class=\"elementor-widget-container\">\n\t\t\t\t\t<h2 class=\"elementor-heading-title elementor-size-default\">Datenschutz<\/h2>\t\t\t\t<\/div>\n\t\t\t\t<\/div>\n\t\t\t\t\t<\/div>\n\t\t\t\t<\/div>\n\t\t<div class=\"elementor-element elementor-element-544f724 e-flex e-con-boxed e-con e-parent\" data-id=\"544f724\" data-element_type=\"container\">\n\t\t\t\t\t<div class=\"e-con-inner\">\n\t\t\t\t<div class=\"elementor-element elementor-element-1c306fd elementor-widget elementor-widget-text-editor\" data-id=\"1c306fd\" data-element_type=\"widget\" data-widget_type=\"text-editor.default\">\n\t\t\t\t<div class=\"elementor-widget-container\">\n\t\t\t\t\t\t\t\t\t<p>Stand: 15. Dezember 2023<\/p>\t\t\t\t\t\t\t\t<\/div>\n\t\t\t\t<\/div>\n\t\t\t\t\t<\/div>\n\t\t\t\t<\/div>\n\t\t<div class=\"elementor-element elementor-element-cedad8d e-flex e-con-boxed e-con e-parent\" data-id=\"cedad8d\" data-element_type=\"container\" id=\"data\">\n\t\t\t\t\t<div class=\"e-con-inner\">\n\t\t<div class=\"elementor-element elementor-element-6c010fc e-con-full e-flex e-con e-child\" data-id=\"6c010fc\" data-element_type=\"container\">\n\t\t\t\t<div class=\"elementor-element elementor-element-c8bc1f0 elementor-widget elementor-widget-heading\" data-id=\"c8bc1f0\" data-element_type=\"widget\" data-widget_type=\"heading.default\">\n\t\t\t\t<div class=\"elementor-widget-container\">\n\t\t\t\t\t<h2 class=\"elementor-heading-title elementor-size-default\">\u00dcberblick:<\/h2>\t\t\t\t<\/div>\n\t\t\t\t<\/div>\n\t\t\t\t<div class=\"elementor-element elementor-element-0acaee5 elementor-widget elementor-widget-text-editor\" data-id=\"0acaee5\" data-element_type=\"widget\" data-widget_type=\"text-editor.default\">\n\t\t\t\t<div class=\"elementor-widget-container\">\n\t\t\t\t\t\t\t\t\t<p class=\"translation-block\">Die Psychotherapie-Website von Eveline Frey  (<a href=\"https:\/\/evelinefrey.ch\/de\/\" target=\"_self\">evelinefrey.ch<\/a>) legt gro\u00dfen Wert auf Ihre Privatsph\u00e4re und Vertraulichkeit. Dieses Dokument gibt einen \u00dcberblick \u00fcber unsere Datenschutzpraktiken und wie wir Ihre Informationen handhaben.<\/p>\t\t\t\t\t\t\t\t<\/div>\n\t\t\t\t<\/div>\n\t\t<div class=\"elementor-element elementor-element-6bb7422 e-con-full e-flex e-con e-child\" data-id=\"6bb7422\" data-element_type=\"container\">\n\t\t\t\t<div class=\"elementor-element elementor-element-f02795b elementor-widget elementor-widget-heading\" data-id=\"f02795b\" data-element_type=\"widget\" data-widget_type=\"heading.default\">\n\t\t\t\t<div class=\"elementor-widget-container\">\n\t\t\t\t\t<h2 class=\"elementor-heading-title elementor-size-default\">1. Datensammlung:<\/h2>\t\t\t\t<\/div>\n\t\t\t\t<\/div>\n\t\t\t\t<div class=\"elementor-element elementor-element-fd585fc elementor-widget elementor-widget-text-editor\" data-id=\"fd585fc\" data-element_type=\"widget\" data-widget_type=\"text-editor.default\">\n\t\t\t\t<div class=\"elementor-widget-container\">\n\t\t\t\t\t\t\t\t\t<ul>\n<li>Wir verwenden keine Cookies oder Tracking-Mechanismen auf unserer Website.<\/li>\n<li>Es werden keine pers\u00f6nlichen Informationen automatisch erfasst, wenn Sie unsere Seite besuchen.<\/li>\n<\/ul>\t\t\t\t\t\t\t\t<\/div>\n\t\t\t\t<\/div>\n\t\t\t\t<div class=\"elementor-element elementor-element-e01bd9d elementor-widget elementor-widget-heading\" data-id=\"e01bd9d\" data-element_type=\"widget\" data-widget_type=\"heading.default\">\n\t\t\t\t<div class=\"elementor-widget-container\">\n\t\t\t\t\t<h2 class=\"elementor-heading-title elementor-size-default\">2. Kontaktformular:<\/h2>\t\t\t\t<\/div>\n\t\t\t\t<\/div>\n\t\t\t\t<div class=\"elementor-element elementor-element-23862d5 elementor-widget elementor-widget-text-editor\" data-id=\"23862d5\" data-element_type=\"widget\" data-widget_type=\"text-editor.default\">\n\t\t\t\t<div class=\"elementor-widget-container\">\n\t\t\t\t\t\t\t\t\t<ul>\n<li aria-level=\"1\">Unsere Website enth\u00e4lt ein Kontaktformular f\u00fcr Ihre Bequemlichkeit.<\/li>\n<li aria-level=\"1\">Die im Formular bereitgestellten Informationen werden sicher an eine private E-Mail-Adresse \u00fcber einen medizinischen E-Mail-Dienstleister gesendet.<\/li>\n<li aria-level=\"1\">Wir speichern keine Kontaktformular-Einsendungen auf der Website und verwenden die Daten nicht f\u00fcr Marketingzwecke.<\/li>\n<\/ul>\t\t\t\t\t\t\t\t<\/div>\n\t\t\t\t<\/div>\n\t\t\t\t<div class=\"elementor-element elementor-element-ae1fe5d elementor-widget elementor-widget-heading\" data-id=\"ae1fe5d\" data-element_type=\"widget\" data-widget_type=\"heading.default\">\n\t\t\t\t<div class=\"elementor-widget-container\">\n\t\t\t\t\t<h2 class=\"elementor-heading-title elementor-size-default\">3. Formular f\u00fcr psychotherapeutische Vereinbarungen:<\/h2>\t\t\t\t<\/div>\n\t\t\t\t<\/div>\n\t\t\t\t<div class=\"elementor-element elementor-element-d691a86 elementor-widget elementor-widget-text-editor\" data-id=\"d691a86\" data-element_type=\"widget\" data-widget_type=\"text-editor.default\">\n\t\t\t\t<div class=\"elementor-widget-container\">\n\t\t\t\t\t\t\t\t\t<ul>\n<li aria-level=\"1\">Das Formular auf unserer Website ist daf\u00fcr gedacht, dass Benutzer es ausdrucken und in physischer Form dem Therapeuten vorlegen oder \u00fcber die bereitgestellte sichere private E-Mail senden.<\/li>\n<li aria-level=\"1\">Es erfolgt keine Online-Einreichung oder Speicherung von pers\u00f6nlichen Informationen auf der Website.<\/li>\n<\/ul>\t\t\t\t\t\t\t\t<\/div>\n\t\t\t\t<\/div>\n\t\t\t\t<div class=\"elementor-element elementor-element-366e4c9 elementor-widget elementor-widget-heading\" data-id=\"366e4c9\" data-element_type=\"widget\" data-widget_type=\"heading.default\">\n\t\t\t\t<div class=\"elementor-widget-container\">\n\t\t\t\t\t<h2 class=\"elementor-heading-title elementor-size-default\">4. Externe Links:<\/h2>\t\t\t\t<\/div>\n\t\t\t\t<\/div>\n\t\t\t\t<div class=\"elementor-element elementor-element-a519f0e elementor-widget elementor-widget-text-editor\" data-id=\"a519f0e\" data-element_type=\"widget\" data-widget_type=\"text-editor.default\">\n\t\t\t\t<div class=\"elementor-widget-container\">\n\t\t\t\t\t\t\t\t\t<ul>\n<li aria-level=\"1\">Unsere Website kann Links zu externen Seiten mit zus\u00e4tzlichen Ressourcen enthalten.<\/li>\n<li aria-level=\"1\">Wir sind nicht verantwortlich f\u00fcr die Datenschutzpraktiken oder Inhalte dieser externen Seiten.<\/li>\n<\/ul>\t\t\t\t\t\t\t\t<\/div>\n\t\t\t\t<\/div>\n\t\t\t\t<div class=\"elementor-element elementor-element-0c4c7e6 elementor-widget elementor-widget-heading\" data-id=\"0c4c7e6\" data-element_type=\"widget\" data-widget_type=\"heading.default\">\n\t\t\t\t<div class=\"elementor-widget-container\">\n\t\t\t\t\t<h2 class=\"elementor-heading-title elementor-size-default\">5. Aktualisierungen und \u00c4nderungen:<\/h2>\t\t\t\t<\/div>\n\t\t\t\t<\/div>\n\t\t\t\t<div class=\"elementor-element elementor-element-ff39425 elementor-widget elementor-widget-text-editor\" data-id=\"ff39425\" data-element_type=\"widget\" data-widget_type=\"text-editor.default\">\n\t\t\t\t<div class=\"elementor-widget-container\">\n\t\t\t\t\t\t\t\t\t<ul>\n<li aria-level=\"1\">Diese Datenschutzinformationen k\u00f6nnen von Zeit zu Zeit aktualisiert werden.<\/li>\n<li aria-level=\"1\">\u00c4nderungen werden im \"Stand\" oben in diesem Dokument widerspiegelt.<\/li>\n<\/ul>\t\t\t\t\t\t\t\t<\/div>\n\t\t\t\t<\/div>\n\t\t\t\t<div class=\"elementor-element elementor-element-835ed46 elementor-widget elementor-widget-heading\" data-id=\"835ed46\" data-element_type=\"widget\" data-widget_type=\"heading.default\">\n\t\t\t\t<div class=\"elementor-widget-container\">\n\t\t\t\t\t<h2 class=\"elementor-heading-title elementor-size-default\">6. Vertraulichkeit:<\/h2>\t\t\t\t<\/div>\n\t\t\t\t<\/div>\n\t\t\t\t<div class=\"elementor-element elementor-element-42df0cd elementor-widget elementor-widget-text-editor\" data-id=\"42df0cd\" data-element_type=\"widget\" data-widget_type=\"text-editor.default\">\n\t\t\t\t<div class=\"elementor-widget-container\">\n\t\t\t\t\t\t\t\t\t<ul>\n<li aria-level=\"1\">Eveline Frey h\u00e4lt sich streng an Vertraulichkeitsstandards gem\u00e4\u00df Psychotherapie und medizinischer Ethik.<\/li>\n<li aria-level=\"1\">Ihre pers\u00f6nlichen Informationen, ob \u00fcber die Website eingereicht oder im Verlauf der Therapie, werden mit gr\u00f6\u00dfter Vertraulichkeit behandelt.<\/li>\n<\/ul>\t\t\t\t\t\t\t\t<\/div>\n\t\t\t\t<\/div>\n\t\t\t\t<\/div>\n\t\t\t\t<div class=\"elementor-element elementor-element-1fa98e4 elementor-widget elementor-widget-heading\" data-id=\"1fa98e4\" data-element_type=\"widget\" data-widget_type=\"heading.default\">\n\t\t\t\t<div class=\"elementor-widget-container\">\n\t\t\t\t\t<h2 class=\"elementor-heading-title elementor-size-default\">Kontaktinformationen:<\/h2>\t\t\t\t<\/div>\n\t\t\t\t<\/div>\n\t\t\t\t<div class=\"elementor-element elementor-element-003fd50 elementor-widget elementor-widget-text-editor\" data-id=\"003fd50\" data-element_type=\"widget\" data-widget_type=\"text-editor.default\">\n\t\t\t\t<div class=\"elementor-widget-container\">\n\t\t\t\t\t\t\t\t\t<p>F\u00fcr Fragen oder Bedenken bez\u00fcglich des Datenschutzes auf unserer Website kontaktieren Sie uns bitte unter <a href=\"mailto:eveline.frey@psychologie.ch\">eveline.frey@psychologie.ch<\/a>.<\/p>\t\t\t\t\t\t\t\t<\/div>\n\t\t\t\t<\/div>\n\t\t\t\t<\/div>\n\t\t\t\t\t<\/div>\n\t\t\t\t<\/div>\n\t\t<div class=\"elementor-element elementor-element-4aa2f01b e-flex e-con-boxed e-con e-parent\" data-id=\"4aa2f01b\" data-element_type=\"container\" id=\"footer\" data-settings=\"{&quot;background_background&quot;:&quot;classic&quot;}\">\n\t\t\t\t\t<div class=\"e-con-inner\">\n\t\t<div class=\"elementor-element elementor-element-625910b0 e-flex e-con-boxed e-con e-child\" data-id=\"625910b0\" data-element_type=\"container\">\n\t\t\t\t\t<div class=\"e-con-inner\">\n\t\t<div class=\"elementor-element elementor-element-b79ef37 e-con-full e-flex e-con e-child\" data-id=\"b79ef37\" data-element_type=\"container\">\n\t\t\t\t<div class=\"elementor-element elementor-element-5fdafa2b elementor-widget__width-initial elementor-widget elementor-widget-image\" data-id=\"5fdafa2b\" data-element_type=\"widget\" data-widget_type=\"image.default\">\n\t\t\t\t<div class=\"elementor-widget-container\">\n\t\t\t\t\t\t\t\t\t\t\t\t\t\t\t<img fetchpriority=\"high\" decoding=\"async\" width=\"318\" height=\"160\" src=\"https:\/\/evelinefrey.ch\/wp-content\/uploads\/2023\/10\/logo-footer.svg\" class=\"attachment-full size-full wp-image-29233\" alt=\"Eveline Frey psychotherapie Home\" \/>\t\t\t\t\t\t\t\t\t\t\t\t\t\t\t<\/div>\n\t\t\t\t<\/div>\n\t\t\t\t<\/div>\n\t\t<div class=\"elementor-element elementor-element-71cff3c7 e-con-full e-flex e-con e-child\" data-id=\"71cff3c7\" data-element_type=\"container\">\n\t\t\t\t<div class=\"elementor-element elementor-element-2a93aee5 elementor-widget elementor-widget-wp-widget-nav_menu\" data-id=\"2a93aee5\" data-element_type=\"widget\" id=\"menu-ef-1\" data-widget_type=\"wp-widget-nav_menu.default\">\n\t\t\t\t<div class=\"elementor-widget-container\">\n\t\t\t\t\t<h5>Navigation<\/h5>\t\t\t\t<\/div>\n\t\t\t\t<\/div>\n\t\t\t\t<\/div>\n\t\t<div class=\"elementor-element elementor-element-59685726 e-con-full e-flex e-con e-child\" data-id=\"59685726\" data-element_type=\"container\">\n\t\t<div class=\"elementor-element elementor-element-19957bed e-con-full e-flex e-con e-child\" data-id=\"19957bed\" data-element_type=\"container\">\n\t\t\t\t<div class=\"elementor-element elementor-element-1278ad6a elementor-widget elementor-widget-heading\" data-id=\"1278ad6a\" data-element_type=\"widget\" data-widget_type=\"heading.default\">\n\t\t\t\t<div class=\"elementor-widget-container\">\n\t\t\t\t\t<p class=\"elementor-heading-title elementor-size-default\">Eveline Frey<\/p>\t\t\t\t<\/div>\n\t\t\t\t<\/div>\n\t\t\t\t<div class=\"elementor-element elementor-element-b46f1c9 elementor-widget elementor-widget-heading\" data-id=\"b46f1c9\" data-element_type=\"widget\" data-widget_type=\"heading.default\">\n\t\t\t\t<div class=\"elementor-widget-container\">\n\t\t\t\t\t<p class=\"elementor-heading-title elementor-size-default\">Eidgen\u00f6ssisch anerkannte Psychotherapeutin<\/p>\t\t\t\t<\/div>\n\t\t\t\t<\/div>\n\t\t\t\t<div class=\"elementor-element elementor-element-2e924454 elementor-widget__width-initial elementor-widget elementor-widget-image\" data-id=\"2e924454\" data-element_type=\"widget\" data-widget_type=\"image.default\">\n\t\t\t\t<div class=\"elementor-widget-container\">\n\t\t\t\t\t\t\t\t\t\t\t\t\t\t\t<img decoding=\"async\" src=\"https:\/\/evelinefrey.ch\/wp-content\/uploads\/2023\/11\/fsp_logo_negativ_rgb.png\" title=\"fsp_logo_negativ_rgb\" alt=\"F\u00f6deration der Schweizer Psychologinnen und Psychologen Logo\" loading=\"lazy\" \/>\t\t\t\t\t\t\t\t\t\t\t\t\t\t\t<\/div>\n\t\t\t\t<\/div>\n\t\t\t\t<div class=\"elementor-element elementor-element-5322af3b elementor-widget elementor-widget-text-editor\" data-id=\"5322af3b\" data-element_type=\"widget\" data-widget_type=\"text-editor.default\">\n\t\t\t\t<div class=\"elementor-widget-container\">\n\t\t\t\t\t\t\t\t\t<p>Weinbergstrasse 29,<br \/>8006 Z\u00fcrich<br \/>+41 77 266 90 97<br \/><a href=\"mailto:eveline.frey@psychologie.ch\">eveline.frey@psychologie.ch<\/a><\/p>\t\t\t\t\t\t\t\t<\/div>\n\t\t\t\t<\/div>\n\t\t\t\t<\/div>\n\t\t\t\t<\/div>\n\t\t\t\t\t<\/div>\n\t\t\t\t<\/div>\n\t\t<div class=\"elementor-element elementor-element-5ab668a9 e-con-full e-flex e-con e-child\" data-id=\"5ab668a9\" data-element_type=\"container\">\n\t\t\t\t<div class=\"elementor-element elementor-element-36c70d70 elementor-widget elementor-widget-text-editor\" data-id=\"36c70d70\" data-element_type=\"widget\" data-widget_type=\"text-editor.default\">\n\t\t\t\t<div class=\"elementor-widget-container\">\n\t\t\t\t\t\t\t\t\t<p><a href=\"https:\/\/evelinefrey.ch\/de\/impressum\/\">Impressum<\/a> \u2022 <a href=\"https:\/\/evelinefrey.ch\/de\/data\/\">Datenschutz<\/a><\/p>\t\t\t\t\t\t\t\t<\/div>\n\t\t\t\t<\/div>\n\t\t\t\t<\/div>\n\t\t\t\t\t<\/div>\n\t\t\t\t<\/div>\n\t\t\t\t<\/div>","protected":false},"excerpt":{"rendered":"<p>Data protection Last Updated: December 15, 2023 Overview: Eveline Frey&#8217;s Psychotherapy website (evelinefrey.ch) prioritizes your privacy and confidentiality. This document outlines our data protection practices and how we handle your information. 1. Information Collection: We do not use cookies or any tracking mechanisms on our website. No personal information is automatically collected when you visit [&hellip;]<\/p>","protected":false},"author":1,"featured_media":0,"parent":0,"menu_order":0,"comment_status":"closed","ping_status":"closed","template":"","meta":{"footnotes":""},"class_list":["post-3","page","type-page","status-publish","hentry"],"yoast_head":"<!-- This site is optimized with the Yoast SEO plugin v25.5 - https:\/\/yoast.com\/wordpress\/plugins\/seo\/ -->\n<title>Data protection | Eveline Frey<\/title>\n<meta name=\"robots\" content=\"index, follow, max-snippet:-1, max-image-preview:large, max-video-preview:-1\" \/>\n<link rel=\"canonical\" href=\"https:\/\/evelinefrey.ch\/de\/data\/\" \/>\n<meta property=\"og:locale\" content=\"de_DE\" \/>\n<meta property=\"og:type\" content=\"article\" \/>\n<meta property=\"og:title\" content=\"Data protection | Eveline Frey\" \/>\n<meta property=\"og:description\" content=\"Data protection Last Updated: December 15, 2023 Overview: Eveline Frey&#8217;s Psychotherapy website (evelinefrey.ch) prioritizes your privacy and confidentiality. This document outlines our data protection practices and how we handle your information. 1. Information Collection: We do not use cookies or any tracking mechanisms on our website. No personal information is automatically collected when you visit [&hellip;]\" \/>\n<meta property=\"og:url\" content=\"https:\/\/evelinefrey.ch\/de\/data\/\" \/>\n<meta property=\"og:site_name\" content=\"Eveline Frey\" \/>\n<meta property=\"article:modified_time\" content=\"2023-12-13T07:38:20+00:00\" \/>\n<meta property=\"og:image\" content=\"https:\/\/evelinefrey.ch\/wp-content\/uploads\/2023\/10\/logo-footer.svg\" \/>\n<meta name=\"twitter:card\" content=\"summary_large_image\" \/>\n<meta name=\"twitter:label1\" content=\"Gesch\u00e4tzte Lesezeit\" \/>\n\t<meta name=\"twitter:data1\" content=\"1\u00a0Minute\" \/>\n<script type=\"application\/ld+json\" class=\"yoast-schema-graph\">{\"@context\":\"https:\/\/schema.org\",\"@graph\":[{\"@type\":\"WebPage\",\"@id\":\"https:\/\/evelinefrey.ch\/data\/\",\"url\":\"https:\/\/evelinefrey.ch\/data\/\",\"name\":\"Data protection | Eveline Frey\",\"isPartOf\":{\"@id\":\"https:\/\/evelinefrey.ch\/#website\"},\"primaryImageOfPage\":{\"@id\":\"https:\/\/evelinefrey.ch\/data\/#primaryimage\"},\"image\":{\"@id\":\"https:\/\/evelinefrey.ch\/data\/#primaryimage\"},\"thumbnailUrl\":\"https:\/\/evelinefrey.ch\/wp-content\/uploads\/2023\/10\/logo-footer.svg\",\"datePublished\":\"2023-10-06T06:48:24+00:00\",\"dateModified\":\"2023-12-13T07:38:20+00:00\",\"breadcrumb\":{\"@id\":\"https:\/\/evelinefrey.ch\/data\/#breadcrumb\"},\"inLanguage\":\"de-CH\",\"potentialAction\":[{\"@type\":\"ReadAction\",\"target\":[\"https:\/\/evelinefrey.ch\/data\/\"]}]},{\"@type\":\"ImageObject\",\"inLanguage\":\"de-CH\",\"@id\":\"https:\/\/evelinefrey.ch\/data\/#primaryimage\",\"url\":\"https:\/\/evelinefrey.ch\/wp-content\/uploads\/2023\/10\/logo-footer.svg\",\"contentUrl\":\"https:\/\/evelinefrey.ch\/wp-content\/uploads\/2023\/10\/logo-footer.svg\"},{\"@type\":\"BreadcrumbList\",\"@id\":\"https:\/\/evelinefrey.ch\/data\/#breadcrumb\",\"itemListElement\":[{\"@type\":\"ListItem\",\"position\":1,\"name\":\"Home\",\"item\":\"https:\/\/evelinefrey.ch\/de\/\"},{\"@type\":\"ListItem\",\"position\":2,\"name\":\"Data protection\"}]},{\"@type\":\"WebSite\",\"@id\":\"https:\/\/evelinefrey.ch\/#website\",\"url\":\"https:\/\/evelinefrey.ch\/\",\"name\":\"Eveline Frey\",\"description\":\"Eveline Frey Psychotherapie: Connect the dots of your life\u2019s journey through Psychotherapy. Psychotherapy | Autism Spectrum Disorder in adults | Coaching\",\"alternateName\":\"Eveline Frey Psychotherapy\",\"potentialAction\":[{\"@type\":\"SearchAction\",\"target\":{\"@type\":\"EntryPoint\",\"urlTemplate\":\"https:\/\/evelinefrey.ch\/?s={search_term_string}\"},\"query-input\":{\"@type\":\"PropertyValueSpecification\",\"valueRequired\":true,\"valueName\":\"search_term_string\"}}],\"inLanguage\":\"de-CH\"}]}<\/script>\n<!-- \/ Yoast SEO plugin. -->","yoast_head_json":{"title":"Data protection | Eveline Frey","robots":{"index":"index","follow":"follow","max-snippet":"max-snippet:-1","max-image-preview":"max-image-preview:large","max-video-preview":"max-video-preview:-1"},"canonical":"https:\/\/evelinefrey.ch\/de\/data\/","og_locale":"de_DE","og_type":"article","og_title":"Data protection | Eveline Frey","og_description":"Data protection Last Updated: December 15, 2023 Overview: Eveline Frey&#8217;s Psychotherapy website (evelinefrey.ch) prioritizes your privacy and confidentiality. This document outlines our data protection practices and how we handle your information. 1. Information Collection: We do not use cookies or any tracking mechanisms on our website. No personal information is automatically collected when you visit [&hellip;]","og_url":"https:\/\/evelinefrey.ch\/de\/data\/","og_site_name":"Eveline Frey","article_modified_time":"2023-12-13T07:38:20+00:00","og_image":[{"url":"https:\/\/evelinefrey.ch\/wp-content\/uploads\/2023\/10\/logo-footer.svg","type":"","width":"","height":""}],"twitter_card":"summary_large_image","twitter_misc":{"Gesch\u00e4tzte Lesezeit":"1\u00a0Minute"},"schema":{"@context":"https:\/\/schema.org","@graph":[{"@type":"WebPage","@id":"https:\/\/evelinefrey.ch\/data\/","url":"https:\/\/evelinefrey.ch\/data\/","name":"Data protection | Eveline Frey","isPartOf":{"@id":"https:\/\/evelinefrey.ch\/#website"},"primaryImageOfPage":{"@id":"https:\/\/evelinefrey.ch\/data\/#primaryimage"},"image":{"@id":"https:\/\/evelinefrey.ch\/data\/#primaryimage"},"thumbnailUrl":"https:\/\/evelinefrey.ch\/wp-content\/uploads\/2023\/10\/logo-footer.svg","datePublished":"2023-10-06T06:48:24+00:00","dateModified":"2023-12-13T07:38:20+00:00","breadcrumb":{"@id":"https:\/\/evelinefrey.ch\/data\/#breadcrumb"},"inLanguage":"de-CH","potentialAction":[{"@type":"ReadAction","target":["https:\/\/evelinefrey.ch\/data\/"]}]},{"@type":"ImageObject","inLanguage":"de-CH","@id":"https:\/\/evelinefrey.ch\/data\/#primaryimage","url":"https:\/\/evelinefrey.ch\/wp-content\/uploads\/2023\/10\/logo-footer.svg","contentUrl":"https:\/\/evelinefrey.ch\/wp-content\/uploads\/2023\/10\/logo-footer.svg"},{"@type":"BreadcrumbList","@id":"https:\/\/evelinefrey.ch\/data\/#breadcrumb","itemListElement":[{"@type":"ListItem","position":1,"name":"Home","item":"https:\/\/evelinefrey.ch\/de\/"},{"@type":"ListItem","position":2,"name":"Data protection"}]},{"@type":"WebSite","@id":"https:\/\/evelinefrey.ch\/#website","url":"https:\/\/evelinefrey.ch\/","name":"Eveline Frey","description":"Eveline Frey Psychotherapie: Connect the dots of your life\u2019s journey through Psychotherapy. Psychotherapy | Autism Spectrum Disorder in adults | Coaching","alternateName":"Eveline Frey Psychotherapy","potentialAction":[{"@type":"SearchAction","target":{"@type":"EntryPoint","urlTemplate":"https:\/\/evelinefrey.ch\/?s={search_term_string}"},"query-input":{"@type":"PropertyValueSpecification","valueRequired":true,"valueName":"search_term_string"}}],"inLanguage":"de-CH"}]}},"_links":{"self":[{"href":"https:\/\/evelinefrey.ch\/de\/wp-json\/wp\/v2\/pages\/3","targetHints":{"allow":["GET"]}}],"collection":[{"href":"https:\/\/evelinefrey.ch\/de\/wp-json\/wp\/v2\/pages"}],"about":[{"href":"https:\/\/evelinefrey.ch\/de\/wp-json\/wp\/v2\/types\/page"}],"author":[{"embeddable":true,"href":"https:\/\/evelinefrey.ch\/de\/wp-json\/wp\/v2\/users\/1"}],"replies":[{"embeddable":true,"href":"https:\/\/evelinefrey.ch\/de\/wp-json\/wp\/v2\/comments?post=3"}],"version-history":[{"count":0,"href":"https:\/\/evelinefrey.ch\/de\/wp-json\/wp\/v2\/pages\/3\/revisions"}],"wp:attachment":[{"href":"https:\/\/evelinefrey.ch\/de\/wp-json\/wp\/v2\/media?parent=3"}],"curies":[{"name":"wp","href":"https:\/\/api.w.org\/{rel}","templated":true}]}}