{"id":29221,"date":"2023-10-30T09:24:27","date_gmt":"2023-10-30T08:24:27","guid":{"rendered":"https:\/\/evelinefrey.ch\/?page_id=29221"},"modified":"2023-12-12T21:25:42","modified_gmt":"2023-12-12T20:25:42","slug":"rates","status":"publish","type":"page","link":"https:\/\/evelinefrey.ch\/de\/rates\/","title":{"rendered":"Kosten"},"content":{"rendered":"<div data-elementor-type=\"wp-page\" data-elementor-id=\"29221\" class=\"elementor elementor-29221\">\n\t\t\t\t<div class=\"elementor-element elementor-element-32212344 e-con-full e-flex e-con e-parent\" data-id=\"32212344\" data-element_type=\"container\" data-settings=\"{&quot;background_background&quot;:&quot;classic&quot;}\">\n\t\t<div class=\"elementor-element elementor-element-27e34c70 e-con-full e-flex e-con e-child\" data-id=\"27e34c70\" data-element_type=\"container\" data-settings=\"{&quot;background_background&quot;:&quot;classic&quot;}\">\n\t\t<div class=\"elementor-element elementor-element-c459916 e-con-full e-flex e-con e-child\" data-id=\"c459916\" data-element_type=\"container\" data-settings=\"{&quot;background_background&quot;:&quot;classic&quot;}\">\n\t\t<div class=\"elementor-element elementor-element-2e5707a e-con-full e-flex e-con e-child\" data-id=\"2e5707a\" data-element_type=\"container\">\n\t\t\t\t<\/div>\n\t\t<div class=\"elementor-element elementor-element-8f190ff e-con-full e-flex e-con e-child\" data-id=\"8f190ff\" data-element_type=\"container\">\n\t\t\t\t<div class=\"elementor-element elementor-element-36bb3b64 elementor-widget__width-auto elementor-widget elementor-widget-heading\" data-id=\"36bb3b64\" data-element_type=\"widget\" data-widget_type=\"heading.default\">\n\t\t\t\t<div class=\"elementor-widget-container\">\n\t\t\t\t\t<span class=\"elementor-heading-title elementor-size-default\">Kosten\u00fcbernahme  durch die Grundversicherung<\/span>\t\t\t\t<\/div>\n\t\t\t\t<\/div>\n\t\t\t\t<div class=\"elementor-element elementor-element-88866e6 elementor-widget elementor-widget-text-editor\" data-id=\"88866e6\" data-element_type=\"widget\" data-widget_type=\"text-editor.default\">\n\t\t\t\t<div class=\"elementor-widget-container\">\n\t\t\t\t\t\t\t\t\t<p>Seit dem 01.07.2022 ist eine \u00dcbernahme der Kosten f\u00fcr Psychotherapie \u00fcber die Grundversicherung m\u00f6glich. Hierzu ben\u00f6tigen Sie eine Anordnung f\u00fcr Psychotherapie durch Ihre*n Haus\u00e4rztin oder Psychiater*in.<\/p>\t\t\t\t\t\t\t\t<\/div>\n\t\t\t\t<\/div>\n\t\t\t\t<div class=\"elementor-element elementor-element-377d554c elementor-widget elementor-widget-button\" data-id=\"377d554c\" data-element_type=\"widget\" data-widget_type=\"button.default\">\n\t\t\t\t<div class=\"elementor-widget-container\">\n\t\t\t\t\t\t\t\t\t<div class=\"elementor-button-wrapper\">\n\t\t\t\t\t<a class=\"elementor-button elementor-button-link elementor-size-sm\" href=\"https:\/\/evelinefrey.ch\/wp-content\/uploads\/2023\/11\/anordnung_psychologische_psychotherapie.pdf\" target=\"_blank\" rel=\"nofollow\" download=\"anordnung_psychologische_psychotherapie.pdf\">\n\t\t\t\t\t\t<span class=\"elementor-button-content-wrapper\">\n\t\t\t\t\t\t\t\t\t<span class=\"elementor-button-text\">Formular herunterladen<\/span>\n\t\t\t\t\t<\/span>\n\t\t\t\t\t<\/a>\n\t\t\t\t<\/div>\n\t\t\t\t\t\t\t\t<\/div>\n\t\t\t\t<\/div>\n\t\t\t\t<\/div>\n\t\t\t\t<\/div>\n\t\t\t\t<\/div>\n\t\t\t\t<\/div>\n\t\t<div class=\"elementor-element elementor-element-29211a05 e-con-full e-flex e-con e-parent\" data-id=\"29211a05\" data-element_type=\"container\" data-settings=\"{&quot;background_background&quot;:&quot;classic&quot;}\">\n\t\t<div class=\"elementor-element elementor-element-6c5f4ff8 e-con-full e-flex e-con e-child\" data-id=\"6c5f4ff8\" data-element_type=\"container\">\n\t\t\t\t<div class=\"elementor-element elementor-element-1fca7f1d elementor-widget__width-initial elementor-widget elementor-widget-heading\" data-id=\"1fca7f1d\" data-element_type=\"widget\" data-widget_type=\"heading.default\">\n\t\t\t\t<div class=\"elementor-widget-container\">\n\t\t\t\t\t<span class=\"elementor-heading-title elementor-size-default\">Zusatzversicherung und Selbstzahler<\/span>\t\t\t\t<\/div>\n\t\t\t\t<\/div>\n\t\t\t\t<\/div>\n\t\t<div class=\"elementor-element elementor-element-33d4a9e5 e-flex e-con-boxed e-con e-child\" data-id=\"33d4a9e5\" data-element_type=\"container\">\n\t\t\t\t\t<div class=\"e-con-inner\">\n\t\t<div class=\"elementor-element elementor-element-1b89fe52 e-con-full e-flex e-con e-child\" data-id=\"1b89fe52\" data-element_type=\"container\" data-settings=\"{&quot;background_background&quot;:&quot;classic&quot;}\">\n\t\t\t\t<div class=\"elementor-element elementor-element-5c89aaa8 elementor-widget__width-initial elementor-widget-mobile__width-initial elementor-widget elementor-widget-image\" data-id=\"5c89aaa8\" data-element_type=\"widget\" data-widget_type=\"image.default\">\n\t\t\t\t<div class=\"elementor-widget-container\">\n\t\t\t\t\t\t\t\t\t\t\t\t\t\t\t<img fetchpriority=\"high\" decoding=\"async\" width=\"500\" height=\"500\" src=\"https:\/\/evelinefrey.ch\/wp-content\/uploads\/2023\/12\/icon-session-v2-1.svg\" class=\"attachment-full size-full wp-image-32739\" alt=\"\" \/>\t\t\t\t\t\t\t\t\t\t\t\t\t\t\t<\/div>\n\t\t\t\t<\/div>\n\t\t\t\t<div class=\"elementor-element elementor-element-5f63b3d7 elementor-widget elementor-widget-heading\" data-id=\"5f63b3d7\" data-element_type=\"widget\" data-widget_type=\"heading.default\">\n\t\t\t\t<div class=\"elementor-widget-container\">\n\t\t\t\t\t<h3 class=\"elementor-heading-title elementor-size-default translation-block\">Eine Sitzung<br> (50 Min.)<\/h3>\t\t\t\t<\/div>\n\t\t\t\t<\/div>\n\t\t\t\t<div class=\"elementor-element elementor-element-b02005d elementor-widget elementor-widget-heading\" data-id=\"b02005d\" data-element_type=\"widget\" data-widget_type=\"heading.default\">\n\t\t\t\t<div class=\"elementor-widget-container\">\n\t\t\t\t\t<h2 class=\"elementor-heading-title elementor-size-default\">kostet 190 CHF.<\/h2>\t\t\t\t<\/div>\n\t\t\t\t<\/div>\n\t\t\t\t<\/div>\n\t\t<div class=\"elementor-element elementor-element-304a52b e-con-full e-flex e-con e-child\" data-id=\"304a52b\" data-element_type=\"container\">\n\t\t\t\t<div class=\"elementor-element elementor-element-e14e1c3 elementor-widget__width-initial elementor-widget elementor-widget-heading\" data-id=\"e14e1c3\" data-element_type=\"widget\" data-widget_type=\"heading.default\">\n\t\t\t\t<div class=\"elementor-widget-container\">\n\t\t\t\t\t<h2 class=\"elementor-heading-title elementor-size-default\">Viele Zusatzversicherungen beteiligen sich an den Kosten f\u00fcr psychologische Psychotherapie. Am besten informieren Sie sich direkt bei Ihrer Versicherung.<\/h2>\t\t\t\t<\/div>\n\t\t\t\t<\/div>\n\t\t\t\t<\/div>\n\t\t\t\t\t<\/div>\n\t\t\t\t<\/div>\n\t\t\t\t<\/div>\n\t\t<div class=\"elementor-element elementor-element-51759bb e-con-full e-flex e-con e-parent\" data-id=\"51759bb\" data-element_type=\"container\">\n\t\t<div class=\"elementor-element elementor-element-cf9132f e-con-full e-flex e-con e-child\" data-id=\"cf9132f\" data-element_type=\"container\">\n\t\t\t\t<div class=\"elementor-element elementor-element-3814695 elementor-widget elementor-widget-heading\" data-id=\"3814695\" data-element_type=\"widget\" data-widget_type=\"heading.default\">\n\t\t\t\t<div class=\"elementor-widget-container\">\n\t\t\t\t\t<h2 class=\"elementor-heading-title elementor-size-default\">Terminabsagen<\/h2>\t\t\t\t<\/div>\n\t\t\t\t<\/div>\n\t\t\t\t<div class=\"elementor-element elementor-element-58e29ab elementor-widget elementor-widget-text-editor\" data-id=\"58e29ab\" data-element_type=\"widget\" data-widget_type=\"text-editor.default\">\n\t\t\t\t<div class=\"elementor-widget-container\">\n\t\t\t\t\t\t\t\t\t<p>Termine k\u00f6nnen kostenlos bis 48 Stunden vor dem vereinbarten Termin abgesagt werden. Bitte haben Sie Verst\u00e4ndnis daf\u00fcr, dass kurzfristig abgesagte Termine in Rechnung gestellt werden.<\/p>\t\t\t\t\t\t\t\t<\/div>\n\t\t\t\t<\/div>\n\t\t\t\t<\/div>\n\t\t\t\t<\/div>\n\t\t<div class=\"elementor-element elementor-element-52d423ca e-flex e-con-boxed e-con e-parent\" data-id=\"52d423ca\" data-element_type=\"container\" id=\"footer\" data-settings=\"{&quot;background_background&quot;:&quot;classic&quot;}\">\n\t\t\t\t\t<div class=\"e-con-inner\">\n\t\t<div class=\"elementor-element elementor-element-4511f910 e-flex e-con-boxed e-con e-child\" data-id=\"4511f910\" data-element_type=\"container\">\n\t\t\t\t\t<div class=\"e-con-inner\">\n\t\t<div class=\"elementor-element elementor-element-512b881f e-con-full e-flex e-con e-child\" data-id=\"512b881f\" data-element_type=\"container\">\n\t\t\t\t<div class=\"elementor-element elementor-element-735b3d70 elementor-widget__width-initial elementor-widget elementor-widget-image\" data-id=\"735b3d70\" data-element_type=\"widget\" data-widget_type=\"image.default\">\n\t\t\t\t<div class=\"elementor-widget-container\">\n\t\t\t\t\t\t\t\t\t\t\t\t\t\t\t<img decoding=\"async\" width=\"318\" height=\"160\" src=\"https:\/\/evelinefrey.ch\/wp-content\/uploads\/2023\/10\/logo-footer.svg\" class=\"attachment-full size-full wp-image-29233\" alt=\"Eveline Frey psychotherapie Home\" \/>\t\t\t\t\t\t\t\t\t\t\t\t\t\t\t<\/div>\n\t\t\t\t<\/div>\n\t\t\t\t<\/div>\n\t\t<div class=\"elementor-element elementor-element-32583551 e-con-full e-flex e-con e-child\" data-id=\"32583551\" data-element_type=\"container\">\n\t\t\t\t<div class=\"elementor-element elementor-element-52ab4ef5 elementor-widget elementor-widget-wp-widget-nav_menu\" data-id=\"52ab4ef5\" data-element_type=\"widget\" id=\"menu-ef-1\" data-widget_type=\"wp-widget-nav_menu.default\">\n\t\t\t\t<div class=\"elementor-widget-container\">\n\t\t\t\t\t<h5>Navigation<\/h5>\t\t\t\t<\/div>\n\t\t\t\t<\/div>\n\t\t\t\t<\/div>\n\t\t<div class=\"elementor-element elementor-element-2d6b2866 e-con-full e-flex e-con e-child\" data-id=\"2d6b2866\" data-element_type=\"container\">\n\t\t<div class=\"elementor-element elementor-element-41c9630b e-con-full e-flex e-con e-child\" data-id=\"41c9630b\" data-element_type=\"container\">\n\t\t\t\t<div class=\"elementor-element elementor-element-1773f1e2 elementor-widget elementor-widget-heading\" data-id=\"1773f1e2\" data-element_type=\"widget\" data-widget_type=\"heading.default\">\n\t\t\t\t<div class=\"elementor-widget-container\">\n\t\t\t\t\t<p class=\"elementor-heading-title elementor-size-default\">Eveline Frey<\/p>\t\t\t\t<\/div>\n\t\t\t\t<\/div>\n\t\t\t\t<div class=\"elementor-element elementor-element-17e43ab0 elementor-widget elementor-widget-heading\" data-id=\"17e43ab0\" data-element_type=\"widget\" data-widget_type=\"heading.default\">\n\t\t\t\t<div class=\"elementor-widget-container\">\n\t\t\t\t\t<p class=\"elementor-heading-title elementor-size-default\">Eidgen\u00f6ssisch anerkannte Psychotherapeutin<\/p>\t\t\t\t<\/div>\n\t\t\t\t<\/div>\n\t\t\t\t<div class=\"elementor-element elementor-element-68773601 elementor-widget__width-initial elementor-widget elementor-widget-image\" data-id=\"68773601\" data-element_type=\"widget\" data-widget_type=\"image.default\">\n\t\t\t\t<div class=\"elementor-widget-container\">\n\t\t\t\t\t\t\t\t\t\t\t\t\t\t\t<img decoding=\"async\" src=\"https:\/\/evelinefrey.ch\/wp-content\/uploads\/2023\/11\/fsp_logo_negativ_rgb.png\" title=\"fsp_logo_negativ_rgb\" alt=\"F\u00f6deration der Schweizer Psychologinnen und Psychologen Logo\" loading=\"lazy\" \/>\t\t\t\t\t\t\t\t\t\t\t\t\t\t\t<\/div>\n\t\t\t\t<\/div>\n\t\t\t\t<div class=\"elementor-element elementor-element-66533493 elementor-widget elementor-widget-text-editor\" data-id=\"66533493\" data-element_type=\"widget\" data-widget_type=\"text-editor.default\">\n\t\t\t\t<div class=\"elementor-widget-container\">\n\t\t\t\t\t\t\t\t\t<p>Weinbergstrasse 29<br \/>8006 Z\u00fcrich<br \/>+41 77 266 90 97<br \/><a href=\"mailto:eveline.frey@psychologie.ch\">eveline.frey@psychologie.ch<\/a><\/p>\t\t\t\t\t\t\t\t<\/div>\n\t\t\t\t<\/div>\n\t\t\t\t<\/div>\n\t\t\t\t<\/div>\n\t\t\t\t\t<\/div>\n\t\t\t\t<\/div>\n\t\t<div class=\"elementor-element elementor-element-c67c343 e-con-full e-flex e-con e-child\" data-id=\"c67c343\" data-element_type=\"container\">\n\t\t\t\t<div class=\"elementor-element elementor-element-3f342099 elementor-widget elementor-widget-text-editor\" data-id=\"3f342099\" data-element_type=\"widget\" data-widget_type=\"text-editor.default\">\n\t\t\t\t<div class=\"elementor-widget-container\">\n\t\t\t\t\t\t\t\t\t<p><a href=\"https:\/\/evelinefrey.ch\/de\/impressum\/\">Impressum<\/a> \u2022 <a href=\"https:\/\/evelinefrey.ch\/de\/data\/\">Datenschutz<\/a><\/p>\t\t\t\t\t\t\t\t<\/div>\n\t\t\t\t<\/div>\n\t\t\t\t<\/div>\n\t\t\t\t\t<\/div>\n\t\t\t\t<\/div>\n\t\t\t\t<\/div>","protected":false},"excerpt":{"rendered":"<p>Coverage through basic insurance Since July 01, 2022, the cost of psychotherapy can be covered through basic insurance. For this, you need a prescription for psychotherapy from your primary care physician or psychiatrist. Download form Supplementary insurance and self-pay One session (50 Min.) costs 190 CHF Many supplementary insurances contribute to the costs of psychological [&hellip;]<\/p>","protected":false},"author":1,"featured_media":0,"parent":0,"menu_order":0,"comment_status":"closed","ping_status":"closed","template":"","meta":{"footnotes":""},"class_list":["post-29221","page","type-page","status-publish","hentry"],"yoast_head":"<!-- This site is optimized with the Yoast SEO plugin v25.5 - https:\/\/yoast.com\/wordpress\/plugins\/seo\/ -->\n<title>Rates | Eveline Frey<\/title>\n<meta name=\"description\" content=\"Eveline Frey Psychotherapist in Zurich | Insurance coverage and self-pay rates.\" \/>\n<meta name=\"robots\" content=\"index, follow, max-snippet:-1, max-image-preview:large, max-video-preview:-1\" \/>\n<link rel=\"canonical\" href=\"https:\/\/evelinefrey.ch\/de\/rates\/\" \/>\n<meta property=\"og:locale\" content=\"de_DE\" \/>\n<meta property=\"og:type\" content=\"article\" \/>\n<meta property=\"og:title\" content=\"Rates | Eveline Frey\" \/>\n<meta property=\"og:description\" content=\"Eveline Frey Psychotherapist in Zurich | Insurance coverage and self-pay rates.\" \/>\n<meta property=\"og:url\" content=\"https:\/\/evelinefrey.ch\/de\/rates\/\" \/>\n<meta property=\"og:site_name\" content=\"Eveline Frey\" \/>\n<meta property=\"article:modified_time\" content=\"2023-12-12T20:25:42+00:00\" \/>\n<meta property=\"og:image\" content=\"https:\/\/evelinefrey.ch\/wp-content\/uploads\/2023\/12\/icon-session-v2-1.svg\" \/>\n<meta name=\"twitter:card\" content=\"summary_large_image\" \/>\n<meta name=\"twitter:label1\" content=\"Gesch\u00e4tzte Lesezeit\" \/>\n\t<meta name=\"twitter:data1\" content=\"2\u00a0Minuten\" \/>\n<script type=\"application\/ld+json\" class=\"yoast-schema-graph\">{\"@context\":\"https:\/\/schema.org\",\"@graph\":[{\"@type\":\"WebPage\",\"@id\":\"https:\/\/evelinefrey.ch\/rates\/\",\"url\":\"https:\/\/evelinefrey.ch\/rates\/\",\"name\":\"Rates | Eveline Frey\",\"isPartOf\":{\"@id\":\"https:\/\/evelinefrey.ch\/#website\"},\"primaryImageOfPage\":{\"@id\":\"https:\/\/evelinefrey.ch\/rates\/#primaryimage\"},\"image\":{\"@id\":\"https:\/\/evelinefrey.ch\/rates\/#primaryimage\"},\"thumbnailUrl\":\"https:\/\/evelinefrey.ch\/wp-content\/uploads\/2023\/12\/icon-session-v2-1.svg\",\"datePublished\":\"2023-10-30T08:24:27+00:00\",\"dateModified\":\"2023-12-12T20:25:42+00:00\",\"description\":\"Eveline Frey Psychotherapist in Zurich | Insurance coverage and self-pay rates.\",\"breadcrumb\":{\"@id\":\"https:\/\/evelinefrey.ch\/rates\/#breadcrumb\"},\"inLanguage\":\"de-CH\",\"potentialAction\":[{\"@type\":\"ReadAction\",\"target\":[\"https:\/\/evelinefrey.ch\/rates\/\"]}]},{\"@type\":\"ImageObject\",\"inLanguage\":\"de-CH\",\"@id\":\"https:\/\/evelinefrey.ch\/rates\/#primaryimage\",\"url\":\"https:\/\/evelinefrey.ch\/wp-content\/uploads\/2023\/12\/icon-session-v2-1.svg\",\"contentUrl\":\"https:\/\/evelinefrey.ch\/wp-content\/uploads\/2023\/12\/icon-session-v2-1.svg\"},{\"@type\":\"BreadcrumbList\",\"@id\":\"https:\/\/evelinefrey.ch\/rates\/#breadcrumb\",\"itemListElement\":[{\"@type\":\"ListItem\",\"position\":1,\"name\":\"Home\",\"item\":\"https:\/\/evelinefrey.ch\/de\/\"},{\"@type\":\"ListItem\",\"position\":2,\"name\":\"Rates\"}]},{\"@type\":\"WebSite\",\"@id\":\"https:\/\/evelinefrey.ch\/#website\",\"url\":\"https:\/\/evelinefrey.ch\/\",\"name\":\"Eveline Frey\",\"description\":\"Eveline Frey Psychotherapie: Connect the dots of your life\u2019s journey through Psychotherapy. Psychotherapy | Autism Spectrum Disorder in adults | Coaching\",\"alternateName\":\"Eveline Frey Psychotherapy\",\"potentialAction\":[{\"@type\":\"SearchAction\",\"target\":{\"@type\":\"EntryPoint\",\"urlTemplate\":\"https:\/\/evelinefrey.ch\/?s={search_term_string}\"},\"query-input\":{\"@type\":\"PropertyValueSpecification\",\"valueRequired\":true,\"valueName\":\"search_term_string\"}}],\"inLanguage\":\"de-CH\"}]}<\/script>\n<!-- \/ Yoast SEO plugin. -->","yoast_head_json":{"title":"Rates | Eveline Frey","description":"Eveline Frey Psychotherapist in Zurich | Insurance coverage and self-pay rates.","robots":{"index":"index","follow":"follow","max-snippet":"max-snippet:-1","max-image-preview":"max-image-preview:large","max-video-preview":"max-video-preview:-1"},"canonical":"https:\/\/evelinefrey.ch\/de\/rates\/","og_locale":"de_DE","og_type":"article","og_title":"Rates | Eveline Frey","og_description":"Eveline Frey Psychotherapist in Zurich | Insurance coverage and self-pay rates.","og_url":"https:\/\/evelinefrey.ch\/de\/rates\/","og_site_name":"Eveline Frey","article_modified_time":"2023-12-12T20:25:42+00:00","og_image":[{"url":"https:\/\/evelinefrey.ch\/wp-content\/uploads\/2023\/12\/icon-session-v2-1.svg","type":"","width":"","height":""}],"twitter_card":"summary_large_image","twitter_misc":{"Gesch\u00e4tzte Lesezeit":"2\u00a0Minuten"},"schema":{"@context":"https:\/\/schema.org","@graph":[{"@type":"WebPage","@id":"https:\/\/evelinefrey.ch\/rates\/","url":"https:\/\/evelinefrey.ch\/rates\/","name":"Rates | Eveline Frey","isPartOf":{"@id":"https:\/\/evelinefrey.ch\/#website"},"primaryImageOfPage":{"@id":"https:\/\/evelinefrey.ch\/rates\/#primaryimage"},"image":{"@id":"https:\/\/evelinefrey.ch\/rates\/#primaryimage"},"thumbnailUrl":"https:\/\/evelinefrey.ch\/wp-content\/uploads\/2023\/12\/icon-session-v2-1.svg","datePublished":"2023-10-30T08:24:27+00:00","dateModified":"2023-12-12T20:25:42+00:00","description":"Eveline Frey Psychotherapist in Zurich | Insurance coverage and self-pay rates.","breadcrumb":{"@id":"https:\/\/evelinefrey.ch\/rates\/#breadcrumb"},"inLanguage":"de-CH","potentialAction":[{"@type":"ReadAction","target":["https:\/\/evelinefrey.ch\/rates\/"]}]},{"@type":"ImageObject","inLanguage":"de-CH","@id":"https:\/\/evelinefrey.ch\/rates\/#primaryimage","url":"https:\/\/evelinefrey.ch\/wp-content\/uploads\/2023\/12\/icon-session-v2-1.svg","contentUrl":"https:\/\/evelinefrey.ch\/wp-content\/uploads\/2023\/12\/icon-session-v2-1.svg"},{"@type":"BreadcrumbList","@id":"https:\/\/evelinefrey.ch\/rates\/#breadcrumb","itemListElement":[{"@type":"ListItem","position":1,"name":"Home","item":"https:\/\/evelinefrey.ch\/de\/"},{"@type":"ListItem","position":2,"name":"Rates"}]},{"@type":"WebSite","@id":"https:\/\/evelinefrey.ch\/#website","url":"https:\/\/evelinefrey.ch\/","name":"Eveline Frey","description":"Eveline Frey Psychotherapie: Connect the dots of your life\u2019s journey through Psychotherapy. Psychotherapy | Autism Spectrum Disorder in adults | Coaching","alternateName":"Eveline Frey Psychotherapy","potentialAction":[{"@type":"SearchAction","target":{"@type":"EntryPoint","urlTemplate":"https:\/\/evelinefrey.ch\/?s={search_term_string}"},"query-input":{"@type":"PropertyValueSpecification","valueRequired":true,"valueName":"search_term_string"}}],"inLanguage":"de-CH"}]}},"_links":{"self":[{"href":"https:\/\/evelinefrey.ch\/de\/wp-json\/wp\/v2\/pages\/29221","targetHints":{"allow":["GET"]}}],"collection":[{"href":"https:\/\/evelinefrey.ch\/de\/wp-json\/wp\/v2\/pages"}],"about":[{"href":"https:\/\/evelinefrey.ch\/de\/wp-json\/wp\/v2\/types\/page"}],"author":[{"embeddable":true,"href":"https:\/\/evelinefrey.ch\/de\/wp-json\/wp\/v2\/users\/1"}],"replies":[{"embeddable":true,"href":"https:\/\/evelinefrey.ch\/de\/wp-json\/wp\/v2\/comments?post=29221"}],"version-history":[{"count":0,"href":"https:\/\/evelinefrey.ch\/de\/wp-json\/wp\/v2\/pages\/29221\/revisions"}],"wp:attachment":[{"href":"https:\/\/evelinefrey.ch\/de\/wp-json\/wp\/v2\/media?parent=29221"}],"curies":[{"name":"wp","href":"https:\/\/api.w.org\/{rel}","templated":true}]}}